{"id":7,"date":"2025-02-23T00:43:38","date_gmt":"2025-02-23T00:43:38","guid":{"rendered":"https:\/\/fohat.org.br\/?page_id=7"},"modified":"2026-02-14T11:44:41","modified_gmt":"2026-02-14T11:44:41","slug":"pagina-inicial","status":"publish","type":"page","link":"https:\/\/fohat.org.br\/en\/","title":{"rendered":"P\u00e1gina Inicial"},"content":{"rendered":"<div data-elementor-type=\"wp-post\" data-elementor-id=\"7\" class=\"elementor elementor-7\" data-elementor-post-type=\"page\">\n\t\t\t\t\t\t<section class=\"elementor-section elementor-top-section elementor-element elementor-element-61e0c774 elementor-section-full_width elementor-section-height-min-height elementor-section-items-stretch elementor-section-content-middle elementor-section-height-default\" data-id=\"61e0c774\" data-element_type=\"section\" data-e-type=\"section\" data-settings=\"{&quot;background_background&quot;:&quot;classic&quot;}\">\n\t\t\t\t\t\t\t<div class=\"elementor-background-overlay\"><\/div>\n\t\t\t\t\t\t\t<div class=\"elementor-container elementor-column-gap-no\">\n\t\t\t\t\t<div class=\"elementor-column elementor-col-100 elementor-top-column elementor-element elementor-element-6d09c3f7\" data-id=\"6d09c3f7\" data-element_type=\"column\" data-e-type=\"column\" data-settings=\"{&quot;background_background&quot;:&quot;classic&quot;}\">\n\t\t\t<div class=\"elementor-widget-wrap elementor-element-populated\">\n\t\t\t\t\t\t<div class=\"elementor-element elementor-element-4276c1eb elementor-widget elementor-widget-heading\" data-id=\"4276c1eb\" data-element_type=\"widget\" data-e-type=\"widget\" data-widget_type=\"heading.default\">\n\t\t\t\t<div class=\"elementor-widget-container\">\n\t\t\t\t\t<h1 class=\"elementor-heading-title elementor-size-default\">Companhia profissional do Studio Dan\u00e7arte<\/h1>\t\t\t\t<\/div>\n\t\t\t\t<\/div>\n\t\t\t\t<div class=\"elementor-element elementor-element-44ba3af5 elementor-widget__width-initial elementor-widget elementor-widget-text-editor\" data-id=\"44ba3af5\" data-element_type=\"widget\" data-e-type=\"widget\" data-widget_type=\"text-editor.default\">\n\t\t\t\t<div class=\"elementor-widget-container\">\n\t\t\t\t\t\t\t\t\t<p>H\u00e1 39 anos atuando, promovendo e representando a dan\u00e7a pelo Mundo<\/p>\t\t\t\t\t\t\t\t<\/div>\n\t\t\t\t<\/div>\n\t\t\t\t<div class=\"elementor-element elementor-element-1b39c21 elementor-mobile-align-center elementor-widget elementor-widget-button\" data-id=\"1b39c21\" data-element_type=\"widget\" data-e-type=\"widget\" data-widget_type=\"button.default\">\n\t\t\t\t<div class=\"elementor-widget-container\">\n\t\t\t\t\t\t\t\t\t<div class=\"elementor-button-wrapper\">\n\t\t\t\t\t<a class=\"elementor-button elementor-button-link elementor-size-sm\" href=\"https:\/\/fohat.org.br\/en\/agenda-2026\/\">\n\t\t\t\t\t\t<span class=\"elementor-button-content-wrapper\">\n\t\t\t\t\t\t\t\t\t<span class=\"elementor-button-text\">VER AGENDA 2026<\/span>\n\t\t\t\t\t<\/span>\n\t\t\t\t\t<\/a>\n\t\t\t\t<\/div>\n\t\t\t\t\t\t\t\t<\/div>\n\t\t\t\t<\/div>\n\t\t\t\t<div class=\"elementor-element elementor-element-8ca9f04 elementor-mobile-align-center elementor-widget elementor-widget-button\" data-id=\"8ca9f04\" data-element_type=\"widget\" data-e-type=\"widget\" data-widget_type=\"button.default\">\n\t\t\t\t<div class=\"elementor-widget-container\">\n\t\t\t\t\t\t\t\t\t<div class=\"elementor-button-wrapper\">\n\t\t\t\t\t<a class=\"elementor-button elementor-button-link elementor-size-sm\" href=\"https:\/\/fohat.org.br\/en\/sobre\/\">\n\t\t\t\t\t\t<span class=\"elementor-button-content-wrapper\">\n\t\t\t\t\t\t\t\t\t<span class=\"elementor-button-text\">SOBRE A FOHAT<\/span>\n\t\t\t\t\t<\/span>\n\t\t\t\t\t<\/a>\n\t\t\t\t<\/div>\n\t\t\t\t\t\t\t\t<\/div>\n\t\t\t\t<\/div>\n\t\t\t\t\t<\/div>\n\t\t<\/div>\n\t\t\t\t\t<\/div>\n\t\t<\/section>\n\t\t\t\t<section class=\"elementor-section elementor-top-section elementor-element elementor-element-7551d78 elementor-section-boxed elementor-section-height-default elementor-section-height-default\" data-id=\"7551d78\" data-element_type=\"section\" data-e-type=\"section\" data-settings=\"{&quot;background_background&quot;:&quot;classic&quot;}\">\n\t\t\t\t\t\t<div class=\"elementor-container elementor-column-gap-default\">\n\t\t\t\t\t<div class=\"elementor-column elementor-col-100 elementor-top-column elementor-element elementor-element-ea889e0\" data-id=\"ea889e0\" data-element_type=\"column\" data-e-type=\"column\">\n\t\t\t<div class=\"elementor-widget-wrap elementor-element-populated\">\n\t\t\t\t\t\t<div class=\"elementor-element elementor-element-2900a76 elementor-widget elementor-widget-heading\" data-id=\"2900a76\" data-element_type=\"widget\" data-e-type=\"widget\" data-widget_type=\"heading.default\">\n\t\t\t\t<div class=\"elementor-widget-container\">\n\t\t\t\t\t<h2 class=\"elementor-heading-title elementor-size-default\"><a href=\"https:\/\/fohat.org.br\/en\/espetaculos\/\">CONFIRA OS \u00daLTIMOS ESPET\u00c1CULOS QUE PARTICIPAMOS<\/a><\/h2>\t\t\t\t<\/div>\n\t\t\t\t<\/div>\n\t\t\t\t\t<\/div>\n\t\t<\/div>\n\t\t\t\t\t<\/div>\n\t\t<\/section>\n\t\t\t\t<section class=\"elementor-section elementor-top-section elementor-element elementor-element-3a09125 elementor-section-boxed elementor-section-height-default elementor-section-height-default\" data-id=\"3a09125\" data-element_type=\"section\" data-e-type=\"section\" data-settings=\"{&quot;background_background&quot;:&quot;classic&quot;}\">\n\t\t\t\t\t\t<div class=\"elementor-container elementor-column-gap-default\">\n\t\t\t\t\t<div class=\"elementor-column elementor-col-33 elementor-top-column elementor-element elementor-element-fd37abf\" data-id=\"fd37abf\" data-element_type=\"column\" data-e-type=\"column\">\n\t\t\t<div class=\"elementor-widget-wrap elementor-element-populated\">\n\t\t\t\t\t\t<div class=\"elementor-element elementor-element-d354b5e elementor-position-top elementor-widget elementor-widget-image-box\" data-id=\"d354b5e\" data-element_type=\"widget\" data-e-type=\"widget\" data-widget_type=\"image-box.default\">\n\t\t\t\t<div class=\"elementor-widget-container\">\n\t\t\t\t\t<div class=\"elementor-image-box-wrapper\"><figure class=\"elementor-image-box-img\"><a href=\"https:\/\/fohat.org.br\/en\/espetaculos\/terra-brasil\/\" tabindex=\"-1\"><img fetchpriority=\"high\" decoding=\"async\" width=\"1280\" height=\"853\" src=\"https:\/\/fohat.org.br\/wp-content\/uploads\/2025\/05\/TERRA-BRASIL-4-Grande.jpeg\" class=\"attachment-full size-full wp-image-408\" alt=\"\" srcset=\"https:\/\/fohat.org.br\/wp-content\/uploads\/2025\/05\/TERRA-BRASIL-4-Grande.jpeg 1280w, https:\/\/fohat.org.br\/wp-content\/uploads\/2025\/05\/TERRA-BRASIL-4-Grande-300x200.jpeg 300w, https:\/\/fohat.org.br\/wp-content\/uploads\/2025\/05\/TERRA-BRASIL-4-Grande-1024x682.jpeg 1024w, https:\/\/fohat.org.br\/wp-content\/uploads\/2025\/05\/TERRA-BRASIL-4-Grande-768x512.jpeg 768w\" sizes=\"(max-width: 1280px) 100vw, 1280px\" \/><\/a><\/figure><div class=\"elementor-image-box-content\"><h3 class=\"elementor-image-box-title\"><a href=\"https:\/\/fohat.org.br\/en\/espetaculos\/terra-brasil\/\">terra brasil<\/a><\/h3><p class=\"elementor-image-box-description\">Nesse Espet\u00e1culo chamado Terra Brasil, apresentamos a ess\u00eancia cultural do pa\u00eds tropical com a maior diversidade de ritmos no mundo, acesse e explore.<\/p><\/div><\/div>\t\t\t\t<\/div>\n\t\t\t\t<\/div>\n\t\t\t\t<div class=\"elementor-element elementor-element-b00e853 elementor-align-left elementor-widget elementor-widget-button\" data-id=\"b00e853\" data-element_type=\"widget\" data-e-type=\"widget\" data-widget_type=\"button.default\">\n\t\t\t\t<div class=\"elementor-widget-container\">\n\t\t\t\t\t\t\t\t\t<div class=\"elementor-button-wrapper\">\n\t\t\t\t\t<a class=\"elementor-button elementor-button-link elementor-size-sm\" href=\"https:\/\/fohat.org.br\/en\/espetaculos\/terra-brasil\/\">\n\t\t\t\t\t\t<span class=\"elementor-button-content-wrapper\">\n\t\t\t\t\t\t\t\t\t<span class=\"elementor-button-text\">SAIBA MAIS<\/span>\n\t\t\t\t\t<\/span>\n\t\t\t\t\t<\/a>\n\t\t\t\t<\/div>\n\t\t\t\t\t\t\t\t<\/div>\n\t\t\t\t<\/div>\n\t\t\t\t\t<\/div>\n\t\t<\/div>\n\t\t\t\t<div class=\"elementor-column elementor-col-33 elementor-top-column elementor-element elementor-element-26c8c55\" data-id=\"26c8c55\" data-element_type=\"column\" data-e-type=\"column\">\n\t\t\t<div class=\"elementor-widget-wrap elementor-element-populated\">\n\t\t\t\t\t\t<div class=\"elementor-element elementor-element-6cc06ae elementor-position-top elementor-widget elementor-widget-image-box\" data-id=\"6cc06ae\" data-element_type=\"widget\" data-e-type=\"widget\" data-widget_type=\"image-box.default\">\n\t\t\t\t<div class=\"elementor-widget-container\">\n\t\t\t\t\t<div class=\"elementor-image-box-wrapper\"><figure class=\"elementor-image-box-img\"><a href=\"https:\/\/fohat.org.br\/en\/espetaculos\/amores\/\" tabindex=\"-1\"><img decoding=\"async\" width=\"1280\" height=\"853\" src=\"https:\/\/fohat.org.br\/wp-content\/uploads\/2025\/05\/AMORES-3-Grande.jpeg\" class=\"attachment-full size-full wp-image-368\" alt=\"\" srcset=\"https:\/\/fohat.org.br\/wp-content\/uploads\/2025\/05\/AMORES-3-Grande.jpeg 1280w, https:\/\/fohat.org.br\/wp-content\/uploads\/2025\/05\/AMORES-3-Grande-300x200.jpeg 300w, https:\/\/fohat.org.br\/wp-content\/uploads\/2025\/05\/AMORES-3-Grande-1024x682.jpeg 1024w, https:\/\/fohat.org.br\/wp-content\/uploads\/2025\/05\/AMORES-3-Grande-768x512.jpeg 768w\" sizes=\"(max-width: 1280px) 100vw, 1280px\" \/><\/a><\/figure><div class=\"elementor-image-box-content\"><h3 class=\"elementor-image-box-title\"><a href=\"https:\/\/fohat.org.br\/en\/espetaculos\/amores\/\">amores<\/a><\/h3><p class=\"elementor-image-box-description\">Trata-se de um espet\u00e1culo dividido em 4(quatro) quadros, com coreografias in\u00e9ditas e trilha sonora original, composta e interpretada pelo cantor e compositor Oswaldo Montenegro. <\/p><\/div><\/div>\t\t\t\t<\/div>\n\t\t\t\t<\/div>\n\t\t\t\t<div class=\"elementor-element elementor-element-9cd801a elementor-align-left elementor-widget elementor-widget-button\" data-id=\"9cd801a\" data-element_type=\"widget\" data-e-type=\"widget\" data-widget_type=\"button.default\">\n\t\t\t\t<div class=\"elementor-widget-container\">\n\t\t\t\t\t\t\t\t\t<div class=\"elementor-button-wrapper\">\n\t\t\t\t\t<a class=\"elementor-button elementor-button-link elementor-size-sm\" href=\"https:\/\/fohat.org.br\/en\/espetaculos\/amores\/\">\n\t\t\t\t\t\t<span class=\"elementor-button-content-wrapper\">\n\t\t\t\t\t\t\t\t\t<span class=\"elementor-button-text\">SAIBA MAIS<\/span>\n\t\t\t\t\t<\/span>\n\t\t\t\t\t<\/a>\n\t\t\t\t<\/div>\n\t\t\t\t\t\t\t\t<\/div>\n\t\t\t\t<\/div>\n\t\t\t\t\t<\/div>\n\t\t<\/div>\n\t\t\t\t<div class=\"elementor-column elementor-col-33 elementor-top-column elementor-element elementor-element-cba0f27\" data-id=\"cba0f27\" data-element_type=\"column\" data-e-type=\"column\">\n\t\t\t<div class=\"elementor-widget-wrap elementor-element-populated\">\n\t\t\t\t\t\t<div class=\"elementor-element elementor-element-ddfe391 elementor-position-top elementor-widget elementor-widget-image-box\" data-id=\"ddfe391\" data-element_type=\"widget\" data-e-type=\"widget\" data-widget_type=\"image-box.default\">\n\t\t\t\t<div class=\"elementor-widget-container\">\n\t\t\t\t\t<div class=\"elementor-image-box-wrapper\"><figure class=\"elementor-image-box-img\"><a href=\"https:\/\/fohat.org.br\/en\/espetaculos\/mazombo\/\" tabindex=\"-1\"><img decoding=\"async\" width=\"1280\" height=\"853\" src=\"https:\/\/fohat.org.br\/wp-content\/uploads\/2025\/05\/MAZOMBO-4-Grande.jpeg\" class=\"attachment-full size-full wp-image-390\" alt=\"\" srcset=\"https:\/\/fohat.org.br\/wp-content\/uploads\/2025\/05\/MAZOMBO-4-Grande.jpeg 1280w, https:\/\/fohat.org.br\/wp-content\/uploads\/2025\/05\/MAZOMBO-4-Grande-300x200.jpeg 300w, https:\/\/fohat.org.br\/wp-content\/uploads\/2025\/05\/MAZOMBO-4-Grande-1024x682.jpeg 1024w, https:\/\/fohat.org.br\/wp-content\/uploads\/2025\/05\/MAZOMBO-4-Grande-768x512.jpeg 768w\" sizes=\"(max-width: 1280px) 100vw, 1280px\" \/><\/a><\/figure><div class=\"elementor-image-box-content\"><h3 class=\"elementor-image-box-title\"><a href=\"https:\/\/fohat.org.br\/en\/espetaculos\/mazombo\/\">mazombo<\/a><\/h3><p class=\"elementor-image-box-description\">Espet\u00e1culo Mazombo \u00e9 inspirado no Projeto Mazombo, uma iniciativa musical de artistas goianos que explora a identidade cultural do \"caipira metropolitano\"<\/p><\/div><\/div>\t\t\t\t<\/div>\n\t\t\t\t<\/div>\n\t\t\t\t<div class=\"elementor-element elementor-element-de13199 elementor-align-left elementor-widget elementor-widget-button\" data-id=\"de13199\" data-element_type=\"widget\" data-e-type=\"widget\" data-widget_type=\"button.default\">\n\t\t\t\t<div class=\"elementor-widget-container\">\n\t\t\t\t\t\t\t\t\t<div class=\"elementor-button-wrapper\">\n\t\t\t\t\t<a class=\"elementor-button elementor-button-link elementor-size-sm\" href=\"https:\/\/fohat.org.br\/en\/espetaculos\/mazombo\/\">\n\t\t\t\t\t\t<span class=\"elementor-button-content-wrapper\">\n\t\t\t\t\t\t\t\t\t<span class=\"elementor-button-text\">SAIBA MAIS<\/span>\n\t\t\t\t\t<\/span>\n\t\t\t\t\t<\/a>\n\t\t\t\t<\/div>\n\t\t\t\t\t\t\t\t<\/div>\n\t\t\t\t<\/div>\n\t\t\t\t\t<\/div>\n\t\t<\/div>\n\t\t\t\t\t<\/div>\n\t\t<\/section>\n\t\t\t\t<section class=\"elementor-section elementor-top-section elementor-element elementor-element-b332d1f elementor-section-boxed elementor-section-height-default elementor-section-height-default\" data-id=\"b332d1f\" data-element_type=\"section\" data-e-type=\"section\" data-settings=\"{&quot;background_background&quot;:&quot;classic&quot;}\">\n\t\t\t\t\t\t<div class=\"elementor-container elementor-column-gap-default\">\n\t\t\t\t\t<div class=\"elementor-column elementor-col-100 elementor-top-column elementor-element elementor-element-22f6e80\" data-id=\"22f6e80\" data-element_type=\"column\" data-e-type=\"column\">\n\t\t\t<div class=\"elementor-widget-wrap elementor-element-populated\">\n\t\t\t\t\t\t<div class=\"elementor-element elementor-element-0294447 elementor-align-center elementor-widget elementor-widget-button\" data-id=\"0294447\" data-element_type=\"widget\" data-e-type=\"widget\" data-widget_type=\"button.default\">\n\t\t\t\t<div class=\"elementor-widget-container\">\n\t\t\t\t\t\t\t\t\t<div class=\"elementor-button-wrapper\">\n\t\t\t\t\t<a class=\"elementor-button elementor-button-link elementor-size-sm\" href=\"https:\/\/fohat.org.br\/en\/espetaculos\/\">\n\t\t\t\t\t\t<span class=\"elementor-button-content-wrapper\">\n\t\t\t\t\t\t\t\t\t<span class=\"elementor-button-text\">VER TODOS OS ESPET\u00c1CULOS<\/span>\n\t\t\t\t\t<\/span>\n\t\t\t\t\t<\/a>\n\t\t\t\t<\/div>\n\t\t\t\t\t\t\t\t<\/div>\n\t\t\t\t<\/div>\n\t\t\t\t\t<\/div>\n\t\t<\/div>\n\t\t\t\t\t<\/div>\n\t\t<\/section>\n\t\t\t\t<\/div>","protected":false},"excerpt":{"rendered":"<p>Companhia profissional do Studio Dan\u00e7arte H\u00e1 39 anos atuando, promovendo e representando a dan\u00e7a pelo Mundo VER AGENDA 2026 SOBRE A FOHAT CONFIRA OS \u00daLTIMOS ESPET\u00c1CULOS QUE PARTICIPAMOS terra brasil Nesse Espet\u00e1culo chamado Terra Brasil, apresentamos a ess\u00eancia cultural do pa\u00eds tropical com a maior diversidade de ritmos no mundo, acesse e explore. SAIBA MAIS [&hellip;]<\/p>\n","protected":false},"author":1,"featured_media":0,"parent":0,"menu_order":0,"comment_status":"closed","ping_status":"closed","template":"elementor_header_footer","meta":{"footnotes":""},"class_list":["post-7","page","type-page","status-publish","hentry"],"_links":{"self":[{"href":"https:\/\/fohat.org.br\/en\/wp-json\/wp\/v2\/pages\/7","targetHints":{"allow":["GET"]}}],"collection":[{"href":"https:\/\/fohat.org.br\/en\/wp-json\/wp\/v2\/pages"}],"about":[{"href":"https:\/\/fohat.org.br\/en\/wp-json\/wp\/v2\/types\/page"}],"author":[{"embeddable":true,"href":"https:\/\/fohat.org.br\/en\/wp-json\/wp\/v2\/users\/1"}],"replies":[{"embeddable":true,"href":"https:\/\/fohat.org.br\/en\/wp-json\/wp\/v2\/comments?post=7"}],"version-history":[{"count":89,"href":"https:\/\/fohat.org.br\/en\/wp-json\/wp\/v2\/pages\/7\/revisions"}],"predecessor-version":[{"id":846,"href":"https:\/\/fohat.org.br\/en\/wp-json\/wp\/v2\/pages\/7\/revisions\/846"}],"wp:attachment":[{"href":"https:\/\/fohat.org.br\/en\/wp-json\/wp\/v2\/media?parent=7"}],"curies":[{"name":"wp","href":"https:\/\/api.w.org\/{rel}","templated":true}]}}